{"id":11478,"date":"2023-09-19T14:27:08","date_gmt":"2023-09-19T12:27:08","guid":{"rendered":"https:\/\/kumori.systems\/proyecto-ivace-20-20\/"},"modified":"2023-09-19T14:44:55","modified_gmt":"2023-09-19T12:44:55","slug":"proyecto-ivace-20-20","status":"publish","type":"page","link":"https:\/\/kumori.systems\/es\/proyecto-ivace-20-20\/","title":{"rendered":"Proyecto Ivace 20-20"},"content":{"rendered":"\t\t<div data-elementor-type=\"wp-page\" data-elementor-id=\"11478\" class=\"elementor elementor-11478 elementor-11464\">\n\t\t\t\t\t\t<section class=\"elementor-section elementor-top-section elementor-element elementor-element-46b24e2 elementor-section-boxed elementor-section-height-default elementor-section-height-default\" data-id=\"46b24e2\" data-element_type=\"section\" data-e-type=\"section\">\n\t\t\t\t\t\t<div class=\"elementor-container elementor-column-gap-default\">\n\t\t\t\t\t<div class=\"elementor-column elementor-col-100 elementor-top-column elementor-element elementor-element-ff79b83\" data-id=\"ff79b83\" data-element_type=\"column\" data-e-type=\"column\">\n\t\t\t<div class=\"elementor-widget-wrap elementor-element-populated\">\n\t\t\t\t\t\t<div class=\"elementor-element elementor-element-8adf89f elementor-widget elementor-widget-heading\" data-id=\"8adf89f\" data-element_type=\"widget\" data-e-type=\"widget\" data-widget_type=\"heading.default\">\n\t\t\t\t<div class=\"elementor-widget-container\">\n\t\t\t\t\t<h1 class=\"elementor-heading-title elementor-size-default\">PROYECTO IMINOD\/2020\/91 - DISE\u00d1O Y DESARROLLO DE UNA PLATAFORMA DE DESPLIEGUE DE SERVICIOS SOBRE KUBERNETES: KUPAAS<\/h1>\t\t\t\t<\/div>\n\t\t\t\t<\/div>\n\t\t\t\t<div class=\"elementor-element elementor-element-9c30ec9 elementor-widget elementor-widget-image\" data-id=\"9c30ec9\" data-element_type=\"widget\" data-e-type=\"widget\" data-widget_type=\"image.default\">\n\t\t\t\t<div class=\"elementor-widget-container\">\n\t\t\t\t\t\t\t\t\t\t\t\t\t\t\t<img fetchpriority=\"high\" decoding=\"async\" width=\"567\" height=\"243\" src=\"https:\/\/kumori.systems\/wp-content\/uploads\/2023\/09\/ivace-2020.jpg\" class=\"attachment-full size-full wp-image-11468\" alt=\"\" srcset=\"https:\/\/kumori.systems\/wp-content\/uploads\/2023\/09\/ivace-2020.jpg 567w, https:\/\/kumori.systems\/wp-content\/uploads\/2023\/09\/ivace-2020-300x129.jpg 300w\" sizes=\"(max-width: 567px) 100vw, 567px\" \/>\t\t\t\t\t\t\t\t\t\t\t\t\t\t\t<\/div>\n\t\t\t\t<\/div>\n\t\t\t\t<div class=\"elementor-element elementor-element-b84e7f0 elementor-widget elementor-widget-text-editor\" data-id=\"b84e7f0\" data-element_type=\"widget\" data-e-type=\"widget\" data-widget_type=\"text-editor.default\">\n\t\t\t\t<div class=\"elementor-widget-container\">\n\t\t\t\t\t\t\t\t\t<p>El objetivo general del proyecto es la adaptaci\u00f3n de la tecnolog\u00eda desarrollada por Kumori Systems en los \u00faltimos a\u00f1os para su ejecuci\u00f3n efectiva sobre entornos basados en Kubernetes, tecnolog\u00eda ampliamente empleada para la orquestaci\u00f3n de contenedores Linux.<\/p>\n<p>El proyecto ha contado con la ayuda de IVACE dentro del Programa \u201cPROYECTOS DE INNOVACI\u00d3N DE PYME (INNOVA-CV)\u201d con una ayuda en forma de subvenci\u00f3n de 44.694,00 \u20ac. Esta actuaci\u00f3n est\u00e1 cofinanciada por la Uni\u00f3n Europea a trav\u00e9s del Programa Operativo FEDER de la Comunitat Valenciana 2014-2020.<\/p>\n\t\t\t\t\t\t\t\t<\/div>\n\t\t\t\t<\/div>\n\t\t\t\t\t<\/div>\n\t\t<\/div>\n\t\t\t\t\t<\/div>\n\t\t<\/section>\n\t\t\t\t<\/div>\n\t\t","protected":false},"excerpt":{"rendered":"<p>PROYECTO IMINOD\/2020\/91 &#8211; DISE\u00d1O Y DESARROLLO DE UNA PLATAFORMA DE DESPLIEGUE DE SERVICIOS SOBRE KUBERNETES: KUPAAS El objetivo general del proyecto es la adaptaci\u00f3n de la tecnolog\u00eda desarrollada por Kumori Systems en los \u00faltimos a\u00f1os para su ejecuci\u00f3n efectiva sobre entornos basados en Kubernetes, tecnolog\u00eda ampliamente empleada para la orquestaci\u00f3n de contenedores Linux. El proyecto [&hellip;]<\/p>\n","protected":false},"author":1,"featured_media":0,"parent":0,"menu_order":0,"comment_status":"closed","ping_status":"closed","template":"","meta":{"footnotes":""},"class_list":["post-11478","page","type-page","status-publish","hentry"],"yoast_head":"<!-- This site is optimized with the Yoast SEO plugin v27.2 - https:\/\/yoast.com\/product\/yoast-seo-wordpress\/ -->\n<title>Proyecto Ivace 20-20 - Kumori<\/title>\n<meta name=\"robots\" content=\"index, follow, max-snippet:-1, max-image-preview:large, max-video-preview:-1\" \/>\n<link rel=\"canonical\" href=\"https:\/\/kumori.systems\/es\/proyecto-ivace-20-20\/\" \/>\n<meta property=\"og:locale\" content=\"es_ES\" \/>\n<meta property=\"og:type\" content=\"article\" \/>\n<meta property=\"og:title\" content=\"Proyecto Ivace 20-20 - Kumori\" \/>\n<meta property=\"og:description\" content=\"PROYECTO IMINOD\/2020\/91 &#8211; DISE\u00d1O Y DESARROLLO DE UNA PLATAFORMA DE DESPLIEGUE DE SERVICIOS SOBRE KUBERNETES: KUPAAS El objetivo general del proyecto es la adaptaci\u00f3n de la tecnolog\u00eda desarrollada por Kumori Systems en los \u00faltimos a\u00f1os para su ejecuci\u00f3n efectiva sobre entornos basados en Kubernetes, tecnolog\u00eda ampliamente empleada para la orquestaci\u00f3n de contenedores Linux. El proyecto [&hellip;]\" \/>\n<meta property=\"og:url\" content=\"https:\/\/kumori.systems\/es\/proyecto-ivace-20-20\/\" \/>\n<meta property=\"og:site_name\" content=\"Kumori\" \/>\n<meta property=\"article:modified_time\" content=\"2023-09-19T12:44:55+00:00\" \/>\n<meta property=\"og:image\" content=\"https:\/\/kumori.systems\/wp-content\/uploads\/2023\/09\/ivace-2020.jpg\" \/>\n<meta name=\"twitter:card\" content=\"summary_large_image\" \/>\n<meta name=\"twitter:label1\" content=\"Tiempo de lectura\" \/>\n\t<meta name=\"twitter:data1\" content=\"1 minuto\" \/>\n<script type=\"application\/ld+json\" class=\"yoast-schema-graph\">{\"@context\":\"https:\/\/schema.org\",\"@graph\":[{\"@type\":\"WebPage\",\"@id\":\"https:\/\/kumori.systems\/es\/proyecto-ivace-20-20\/\",\"url\":\"https:\/\/kumori.systems\/es\/proyecto-ivace-20-20\/\",\"name\":\"Proyecto Ivace 20-20 - Kumori\",\"isPartOf\":{\"@id\":\"http:\/\/kumori.systems\/es\/#website\"},\"primaryImageOfPage\":{\"@id\":\"https:\/\/kumori.systems\/es\/proyecto-ivace-20-20\/#primaryimage\"},\"image\":{\"@id\":\"https:\/\/kumori.systems\/es\/proyecto-ivace-20-20\/#primaryimage\"},\"thumbnailUrl\":\"https:\/\/kumori.systems\/wp-content\/uploads\/2023\/09\/ivace-2020.jpg\",\"datePublished\":\"2023-09-19T12:27:08+00:00\",\"dateModified\":\"2023-09-19T12:44:55+00:00\",\"breadcrumb\":{\"@id\":\"https:\/\/kumori.systems\/es\/proyecto-ivace-20-20\/#breadcrumb\"},\"inLanguage\":\"es\",\"potentialAction\":[{\"@type\":\"ReadAction\",\"target\":[\"https:\/\/kumori.systems\/es\/proyecto-ivace-20-20\/\"]}]},{\"@type\":\"ImageObject\",\"inLanguage\":\"es\",\"@id\":\"https:\/\/kumori.systems\/es\/proyecto-ivace-20-20\/#primaryimage\",\"url\":\"https:\/\/kumori.systems\/wp-content\/uploads\/2023\/09\/ivace-2020.jpg\",\"contentUrl\":\"https:\/\/kumori.systems\/wp-content\/uploads\/2023\/09\/ivace-2020.jpg\"},{\"@type\":\"BreadcrumbList\",\"@id\":\"https:\/\/kumori.systems\/es\/proyecto-ivace-20-20\/#breadcrumb\",\"itemListElement\":[{\"@type\":\"ListItem\",\"position\":1,\"name\":\"Portada\",\"item\":\"https:\/\/kumori.systems\/es\/\"},{\"@type\":\"ListItem\",\"position\":2,\"name\":\"Proyecto Ivace 20-20\"}]},{\"@type\":\"WebSite\",\"@id\":\"http:\/\/kumori.systems\/es\/#website\",\"url\":\"http:\/\/kumori.systems\/es\/\",\"name\":\"Kumori\",\"description\":\"Llevamos tu software a la nube\",\"publisher\":{\"@id\":\"http:\/\/kumori.systems\/es\/#organization\"},\"potentialAction\":[{\"@type\":\"SearchAction\",\"target\":{\"@type\":\"EntryPoint\",\"urlTemplate\":\"http:\/\/kumori.systems\/es\/?s={search_term_string}\"},\"query-input\":{\"@type\":\"PropertyValueSpecification\",\"valueRequired\":true,\"valueName\":\"search_term_string\"}}],\"inLanguage\":\"es\"},{\"@type\":\"Organization\",\"@id\":\"http:\/\/kumori.systems\/es\/#organization\",\"name\":\"Kumori\",\"url\":\"http:\/\/kumori.systems\/es\/\",\"logo\":{\"@type\":\"ImageObject\",\"inLanguage\":\"es\",\"@id\":\"http:\/\/kumori.systems\/es\/#\/schema\/logo\/image\/\",\"url\":\"https:\/\/kumori.systems\/wp-content\/uploads\/2023\/07\/cropped-logo-kumori-blanco.png\",\"contentUrl\":\"https:\/\/kumori.systems\/wp-content\/uploads\/2023\/07\/cropped-logo-kumori-blanco.png\",\"width\":229,\"height\":69,\"caption\":\"Kumori\"},\"image\":{\"@id\":\"http:\/\/kumori.systems\/es\/#\/schema\/logo\/image\/\"}}]}<\/script>\n<!-- \/ Yoast SEO plugin. -->","yoast_head_json":{"title":"Proyecto Ivace 20-20 - Kumori","robots":{"index":"index","follow":"follow","max-snippet":"max-snippet:-1","max-image-preview":"max-image-preview:large","max-video-preview":"max-video-preview:-1"},"canonical":"https:\/\/kumori.systems\/es\/proyecto-ivace-20-20\/","og_locale":"es_ES","og_type":"article","og_title":"Proyecto Ivace 20-20 - Kumori","og_description":"PROYECTO IMINOD\/2020\/91 &#8211; DISE\u00d1O Y DESARROLLO DE UNA PLATAFORMA DE DESPLIEGUE DE SERVICIOS SOBRE KUBERNETES: KUPAAS El objetivo general del proyecto es la adaptaci\u00f3n de la tecnolog\u00eda desarrollada por Kumori Systems en los \u00faltimos a\u00f1os para su ejecuci\u00f3n efectiva sobre entornos basados en Kubernetes, tecnolog\u00eda ampliamente empleada para la orquestaci\u00f3n de contenedores Linux. El proyecto [&hellip;]","og_url":"https:\/\/kumori.systems\/es\/proyecto-ivace-20-20\/","og_site_name":"Kumori","article_modified_time":"2023-09-19T12:44:55+00:00","og_image":[{"url":"https:\/\/kumori.systems\/wp-content\/uploads\/2023\/09\/ivace-2020.jpg","type":"","width":"","height":""}],"twitter_card":"summary_large_image","twitter_misc":{"Tiempo de lectura":"1 minuto"},"schema":{"@context":"https:\/\/schema.org","@graph":[{"@type":"WebPage","@id":"https:\/\/kumori.systems\/es\/proyecto-ivace-20-20\/","url":"https:\/\/kumori.systems\/es\/proyecto-ivace-20-20\/","name":"Proyecto Ivace 20-20 - Kumori","isPartOf":{"@id":"http:\/\/kumori.systems\/es\/#website"},"primaryImageOfPage":{"@id":"https:\/\/kumori.systems\/es\/proyecto-ivace-20-20\/#primaryimage"},"image":{"@id":"https:\/\/kumori.systems\/es\/proyecto-ivace-20-20\/#primaryimage"},"thumbnailUrl":"https:\/\/kumori.systems\/wp-content\/uploads\/2023\/09\/ivace-2020.jpg","datePublished":"2023-09-19T12:27:08+00:00","dateModified":"2023-09-19T12:44:55+00:00","breadcrumb":{"@id":"https:\/\/kumori.systems\/es\/proyecto-ivace-20-20\/#breadcrumb"},"inLanguage":"es","potentialAction":[{"@type":"ReadAction","target":["https:\/\/kumori.systems\/es\/proyecto-ivace-20-20\/"]}]},{"@type":"ImageObject","inLanguage":"es","@id":"https:\/\/kumori.systems\/es\/proyecto-ivace-20-20\/#primaryimage","url":"https:\/\/kumori.systems\/wp-content\/uploads\/2023\/09\/ivace-2020.jpg","contentUrl":"https:\/\/kumori.systems\/wp-content\/uploads\/2023\/09\/ivace-2020.jpg"},{"@type":"BreadcrumbList","@id":"https:\/\/kumori.systems\/es\/proyecto-ivace-20-20\/#breadcrumb","itemListElement":[{"@type":"ListItem","position":1,"name":"Portada","item":"https:\/\/kumori.systems\/es\/"},{"@type":"ListItem","position":2,"name":"Proyecto Ivace 20-20"}]},{"@type":"WebSite","@id":"http:\/\/kumori.systems\/es\/#website","url":"http:\/\/kumori.systems\/es\/","name":"Kumori","description":"Llevamos tu software a la nube","publisher":{"@id":"http:\/\/kumori.systems\/es\/#organization"},"potentialAction":[{"@type":"SearchAction","target":{"@type":"EntryPoint","urlTemplate":"http:\/\/kumori.systems\/es\/?s={search_term_string}"},"query-input":{"@type":"PropertyValueSpecification","valueRequired":true,"valueName":"search_term_string"}}],"inLanguage":"es"},{"@type":"Organization","@id":"http:\/\/kumori.systems\/es\/#organization","name":"Kumori","url":"http:\/\/kumori.systems\/es\/","logo":{"@type":"ImageObject","inLanguage":"es","@id":"http:\/\/kumori.systems\/es\/#\/schema\/logo\/image\/","url":"https:\/\/kumori.systems\/wp-content\/uploads\/2023\/07\/cropped-logo-kumori-blanco.png","contentUrl":"https:\/\/kumori.systems\/wp-content\/uploads\/2023\/07\/cropped-logo-kumori-blanco.png","width":229,"height":69,"caption":"Kumori"},"image":{"@id":"http:\/\/kumori.systems\/es\/#\/schema\/logo\/image\/"}}]}},"_links":{"self":[{"href":"https:\/\/kumori.systems\/es\/wp-json\/wp\/v2\/pages\/11478","targetHints":{"allow":["GET"]}}],"collection":[{"href":"https:\/\/kumori.systems\/es\/wp-json\/wp\/v2\/pages"}],"about":[{"href":"https:\/\/kumori.systems\/es\/wp-json\/wp\/v2\/types\/page"}],"author":[{"embeddable":true,"href":"https:\/\/kumori.systems\/es\/wp-json\/wp\/v2\/users\/1"}],"replies":[{"embeddable":true,"href":"https:\/\/kumori.systems\/es\/wp-json\/wp\/v2\/comments?post=11478"}],"version-history":[{"count":4,"href":"https:\/\/kumori.systems\/es\/wp-json\/wp\/v2\/pages\/11478\/revisions"}],"predecessor-version":[{"id":11490,"href":"https:\/\/kumori.systems\/es\/wp-json\/wp\/v2\/pages\/11478\/revisions\/11490"}],"wp:attachment":[{"href":"https:\/\/kumori.systems\/es\/wp-json\/wp\/v2\/media?parent=11478"}],"curies":[{"name":"wp","href":"https:\/\/api.w.org\/{rel}","templated":true}]}}