{"id":11482,"date":"2023-09-19T14:33:34","date_gmt":"2023-09-19T12:33:34","guid":{"rendered":"https:\/\/kumori.systems\/federkum-2022\/"},"modified":"2023-09-19T14:46:25","modified_gmt":"2023-09-19T12:46:25","slug":"federkum-2022","status":"publish","type":"page","link":"https:\/\/kumori.systems\/es\/federkum-2022\/","title":{"rendered":"Federkum 2022"},"content":{"rendered":"\t\t<div data-elementor-type=\"wp-page\" data-elementor-id=\"11482\" class=\"elementor elementor-11482 elementor-11473\">\n\t\t\t\t\t\t<section class=\"elementor-section elementor-top-section elementor-element elementor-element-46b24e2 elementor-section-boxed elementor-section-height-default elementor-section-height-default\" data-id=\"46b24e2\" data-element_type=\"section\" data-e-type=\"section\">\n\t\t\t\t\t\t<div class=\"elementor-container elementor-column-gap-default\">\n\t\t\t\t\t<div class=\"elementor-column elementor-col-100 elementor-top-column elementor-element elementor-element-ff79b83\" data-id=\"ff79b83\" data-element_type=\"column\" data-e-type=\"column\">\n\t\t\t<div class=\"elementor-widget-wrap elementor-element-populated\">\n\t\t\t\t\t\t<div class=\"elementor-element elementor-element-8adf89f elementor-widget elementor-widget-heading\" data-id=\"8adf89f\" data-element_type=\"widget\" data-e-type=\"widget\" data-widget_type=\"heading.default\">\n\t\t\t\t<div class=\"elementor-widget-container\">\n\t\t\t\t\t<h1 class=\"elementor-heading-title elementor-size-default\">IMIDTA\/2022\/17 \u2013 FEDERKUM - Investigaci\u00f3n de nuevos m\u00e9todos de federaci\u00f3n de cl\u00fasteres<\/h1>\t\t\t\t<\/div>\n\t\t\t\t<\/div>\n\t\t\t\t<div class=\"elementor-element elementor-element-9c30ec9 elementor-widget elementor-widget-image\" data-id=\"9c30ec9\" data-element_type=\"widget\" data-e-type=\"widget\" data-widget_type=\"image.default\">\n\t\t\t\t<div class=\"elementor-widget-container\">\n\t\t\t\t\t\t\t\t\t\t\t\t\t\t\t<img fetchpriority=\"high\" decoding=\"async\" width=\"567\" height=\"243\" src=\"https:\/\/kumori.systems\/wp-content\/uploads\/2023\/09\/ivace-2020.jpg\" class=\"attachment-full size-full wp-image-11468\" alt=\"\" srcset=\"https:\/\/kumori.systems\/wp-content\/uploads\/2023\/09\/ivace-2020.jpg 567w, https:\/\/kumori.systems\/wp-content\/uploads\/2023\/09\/ivace-2020-300x129.jpg 300w\" sizes=\"(max-width: 567px) 100vw, 567px\" \/>\t\t\t\t\t\t\t\t\t\t\t\t\t\t\t<\/div>\n\t\t\t\t<\/div>\n\t\t\t\t<div class=\"elementor-element elementor-element-b84e7f0 elementor-widget elementor-widget-text-editor\" data-id=\"b84e7f0\" data-element_type=\"widget\" data-e-type=\"widget\" data-widget_type=\"text-editor.default\">\n\t\t\t\t<div class=\"elementor-widget-container\">\n\t\t\t\t\t\t\t\t\t<p>El objetivo principal del proyecto FEDERKUM ha sido investigar c\u00f3mo la federaci\u00f3n de cl\u00fasteres podr\u00eda resolver el problema t\u00e9cnico que aparece en la realidad de las empresas de software, cuando un solo cl\u00faster no pueda abarcar m\u00faltiples regiones de un \u00fanico proveedor de nube, y mucho menos que admita diferentes proveedores de nube en diferentes dominios problemas.<\/p>\n<p>El proyecto ha contado con la ayuda de IVACE dentro del PROGRAMA PROYECTOS DE I+D DE PYME (PIDI-CV). Actuaci\u00f3n I+D PYME (PIDI-CV) 2022 con una ayuda en forma de subvenci\u00f3n de 30.847,50\u20ac.<\/p>\n<p>Esta subvenci\u00f3n cuenta con financiaci\u00f3n del Fondo Europeo de Desarrollo Regional (FEDER) en un porcentaje del 60% a trav\u00e9s del Programa Operativo FEDER de la Comunitat Valenciana 2014-2020.<\/p>\n\t\t\t\t\t\t\t\t<\/div>\n\t\t\t\t<\/div>\n\t\t\t\t\t<\/div>\n\t\t<\/div>\n\t\t\t\t\t<\/div>\n\t\t<\/section>\n\t\t\t\t<\/div>\n\t\t","protected":false},"excerpt":{"rendered":"<p>IMIDTA\/2022\/17 \u2013 FEDERKUM &#8211; Investigaci\u00f3n de nuevos m\u00e9todos de federaci\u00f3n de cl\u00fasteres El objetivo principal del proyecto FEDERKUM ha sido investigar c\u00f3mo la federaci\u00f3n de cl\u00fasteres podr\u00eda resolver el problema t\u00e9cnico que aparece en la realidad de las empresas de software, cuando un solo cl\u00faster no pueda abarcar m\u00faltiples regiones de un \u00fanico proveedor de [&hellip;]<\/p>\n","protected":false},"author":1,"featured_media":0,"parent":0,"menu_order":0,"comment_status":"closed","ping_status":"closed","template":"","meta":{"footnotes":""},"class_list":["post-11482","page","type-page","status-publish","hentry"],"yoast_head":"<!-- This site is optimized with the Yoast SEO plugin v27.2 - https:\/\/yoast.com\/product\/yoast-seo-wordpress\/ -->\n<title>Federkum 2022 - Kumori<\/title>\n<meta name=\"robots\" content=\"index, follow, max-snippet:-1, max-image-preview:large, max-video-preview:-1\" \/>\n<link rel=\"canonical\" href=\"https:\/\/kumori.systems\/es\/federkum-2022\/\" \/>\n<meta property=\"og:locale\" content=\"es_ES\" \/>\n<meta property=\"og:type\" content=\"article\" \/>\n<meta property=\"og:title\" content=\"Federkum 2022 - Kumori\" \/>\n<meta property=\"og:description\" content=\"IMIDTA\/2022\/17 \u2013 FEDERKUM &#8211; Investigaci\u00f3n de nuevos m\u00e9todos de federaci\u00f3n de cl\u00fasteres El objetivo principal del proyecto FEDERKUM ha sido investigar c\u00f3mo la federaci\u00f3n de cl\u00fasteres podr\u00eda resolver el problema t\u00e9cnico que aparece en la realidad de las empresas de software, cuando un solo cl\u00faster no pueda abarcar m\u00faltiples regiones de un \u00fanico proveedor de [&hellip;]\" \/>\n<meta property=\"og:url\" content=\"https:\/\/kumori.systems\/es\/federkum-2022\/\" \/>\n<meta property=\"og:site_name\" content=\"Kumori\" \/>\n<meta property=\"article:modified_time\" content=\"2023-09-19T12:46:25+00:00\" \/>\n<meta property=\"og:image\" content=\"https:\/\/kumori.systems\/wp-content\/uploads\/2023\/09\/ivace-2020.jpg\" \/>\n<meta name=\"twitter:card\" content=\"summary_large_image\" \/>\n<meta name=\"twitter:label1\" content=\"Tiempo de lectura\" \/>\n\t<meta name=\"twitter:data1\" content=\"1 minuto\" \/>\n<script type=\"application\/ld+json\" class=\"yoast-schema-graph\">{\"@context\":\"https:\/\/schema.org\",\"@graph\":[{\"@type\":\"WebPage\",\"@id\":\"https:\/\/kumori.systems\/es\/federkum-2022\/\",\"url\":\"https:\/\/kumori.systems\/es\/federkum-2022\/\",\"name\":\"Federkum 2022 - Kumori\",\"isPartOf\":{\"@id\":\"http:\/\/kumori.systems\/es\/#website\"},\"primaryImageOfPage\":{\"@id\":\"https:\/\/kumori.systems\/es\/federkum-2022\/#primaryimage\"},\"image\":{\"@id\":\"https:\/\/kumori.systems\/es\/federkum-2022\/#primaryimage\"},\"thumbnailUrl\":\"https:\/\/kumori.systems\/wp-content\/uploads\/2023\/09\/ivace-2020.jpg\",\"datePublished\":\"2023-09-19T12:33:34+00:00\",\"dateModified\":\"2023-09-19T12:46:25+00:00\",\"breadcrumb\":{\"@id\":\"https:\/\/kumori.systems\/es\/federkum-2022\/#breadcrumb\"},\"inLanguage\":\"es\",\"potentialAction\":[{\"@type\":\"ReadAction\",\"target\":[\"https:\/\/kumori.systems\/es\/federkum-2022\/\"]}]},{\"@type\":\"ImageObject\",\"inLanguage\":\"es\",\"@id\":\"https:\/\/kumori.systems\/es\/federkum-2022\/#primaryimage\",\"url\":\"https:\/\/kumori.systems\/wp-content\/uploads\/2023\/09\/ivace-2020.jpg\",\"contentUrl\":\"https:\/\/kumori.systems\/wp-content\/uploads\/2023\/09\/ivace-2020.jpg\"},{\"@type\":\"BreadcrumbList\",\"@id\":\"https:\/\/kumori.systems\/es\/federkum-2022\/#breadcrumb\",\"itemListElement\":[{\"@type\":\"ListItem\",\"position\":1,\"name\":\"Portada\",\"item\":\"https:\/\/kumori.systems\/es\/\"},{\"@type\":\"ListItem\",\"position\":2,\"name\":\"Federkum 2022\"}]},{\"@type\":\"WebSite\",\"@id\":\"http:\/\/kumori.systems\/es\/#website\",\"url\":\"http:\/\/kumori.systems\/es\/\",\"name\":\"Kumori\",\"description\":\"Llevamos tu software a la nube\",\"publisher\":{\"@id\":\"http:\/\/kumori.systems\/es\/#organization\"},\"potentialAction\":[{\"@type\":\"SearchAction\",\"target\":{\"@type\":\"EntryPoint\",\"urlTemplate\":\"http:\/\/kumori.systems\/es\/?s={search_term_string}\"},\"query-input\":{\"@type\":\"PropertyValueSpecification\",\"valueRequired\":true,\"valueName\":\"search_term_string\"}}],\"inLanguage\":\"es\"},{\"@type\":\"Organization\",\"@id\":\"http:\/\/kumori.systems\/es\/#organization\",\"name\":\"Kumori\",\"url\":\"http:\/\/kumori.systems\/es\/\",\"logo\":{\"@type\":\"ImageObject\",\"inLanguage\":\"es\",\"@id\":\"http:\/\/kumori.systems\/es\/#\/schema\/logo\/image\/\",\"url\":\"https:\/\/kumori.systems\/wp-content\/uploads\/2023\/07\/cropped-logo-kumori-blanco.png\",\"contentUrl\":\"https:\/\/kumori.systems\/wp-content\/uploads\/2023\/07\/cropped-logo-kumori-blanco.png\",\"width\":229,\"height\":69,\"caption\":\"Kumori\"},\"image\":{\"@id\":\"http:\/\/kumori.systems\/es\/#\/schema\/logo\/image\/\"}}]}<\/script>\n<!-- \/ Yoast SEO plugin. -->","yoast_head_json":{"title":"Federkum 2022 - Kumori","robots":{"index":"index","follow":"follow","max-snippet":"max-snippet:-1","max-image-preview":"max-image-preview:large","max-video-preview":"max-video-preview:-1"},"canonical":"https:\/\/kumori.systems\/es\/federkum-2022\/","og_locale":"es_ES","og_type":"article","og_title":"Federkum 2022 - Kumori","og_description":"IMIDTA\/2022\/17 \u2013 FEDERKUM &#8211; Investigaci\u00f3n de nuevos m\u00e9todos de federaci\u00f3n de cl\u00fasteres El objetivo principal del proyecto FEDERKUM ha sido investigar c\u00f3mo la federaci\u00f3n de cl\u00fasteres podr\u00eda resolver el problema t\u00e9cnico que aparece en la realidad de las empresas de software, cuando un solo cl\u00faster no pueda abarcar m\u00faltiples regiones de un \u00fanico proveedor de [&hellip;]","og_url":"https:\/\/kumori.systems\/es\/federkum-2022\/","og_site_name":"Kumori","article_modified_time":"2023-09-19T12:46:25+00:00","og_image":[{"url":"https:\/\/kumori.systems\/wp-content\/uploads\/2023\/09\/ivace-2020.jpg","type":"","width":"","height":""}],"twitter_card":"summary_large_image","twitter_misc":{"Tiempo de lectura":"1 minuto"},"schema":{"@context":"https:\/\/schema.org","@graph":[{"@type":"WebPage","@id":"https:\/\/kumori.systems\/es\/federkum-2022\/","url":"https:\/\/kumori.systems\/es\/federkum-2022\/","name":"Federkum 2022 - Kumori","isPartOf":{"@id":"http:\/\/kumori.systems\/es\/#website"},"primaryImageOfPage":{"@id":"https:\/\/kumori.systems\/es\/federkum-2022\/#primaryimage"},"image":{"@id":"https:\/\/kumori.systems\/es\/federkum-2022\/#primaryimage"},"thumbnailUrl":"https:\/\/kumori.systems\/wp-content\/uploads\/2023\/09\/ivace-2020.jpg","datePublished":"2023-09-19T12:33:34+00:00","dateModified":"2023-09-19T12:46:25+00:00","breadcrumb":{"@id":"https:\/\/kumori.systems\/es\/federkum-2022\/#breadcrumb"},"inLanguage":"es","potentialAction":[{"@type":"ReadAction","target":["https:\/\/kumori.systems\/es\/federkum-2022\/"]}]},{"@type":"ImageObject","inLanguage":"es","@id":"https:\/\/kumori.systems\/es\/federkum-2022\/#primaryimage","url":"https:\/\/kumori.systems\/wp-content\/uploads\/2023\/09\/ivace-2020.jpg","contentUrl":"https:\/\/kumori.systems\/wp-content\/uploads\/2023\/09\/ivace-2020.jpg"},{"@type":"BreadcrumbList","@id":"https:\/\/kumori.systems\/es\/federkum-2022\/#breadcrumb","itemListElement":[{"@type":"ListItem","position":1,"name":"Portada","item":"https:\/\/kumori.systems\/es\/"},{"@type":"ListItem","position":2,"name":"Federkum 2022"}]},{"@type":"WebSite","@id":"http:\/\/kumori.systems\/es\/#website","url":"http:\/\/kumori.systems\/es\/","name":"Kumori","description":"Llevamos tu software a la nube","publisher":{"@id":"http:\/\/kumori.systems\/es\/#organization"},"potentialAction":[{"@type":"SearchAction","target":{"@type":"EntryPoint","urlTemplate":"http:\/\/kumori.systems\/es\/?s={search_term_string}"},"query-input":{"@type":"PropertyValueSpecification","valueRequired":true,"valueName":"search_term_string"}}],"inLanguage":"es"},{"@type":"Organization","@id":"http:\/\/kumori.systems\/es\/#organization","name":"Kumori","url":"http:\/\/kumori.systems\/es\/","logo":{"@type":"ImageObject","inLanguage":"es","@id":"http:\/\/kumori.systems\/es\/#\/schema\/logo\/image\/","url":"https:\/\/kumori.systems\/wp-content\/uploads\/2023\/07\/cropped-logo-kumori-blanco.png","contentUrl":"https:\/\/kumori.systems\/wp-content\/uploads\/2023\/07\/cropped-logo-kumori-blanco.png","width":229,"height":69,"caption":"Kumori"},"image":{"@id":"http:\/\/kumori.systems\/es\/#\/schema\/logo\/image\/"}}]}},"_links":{"self":[{"href":"https:\/\/kumori.systems\/es\/wp-json\/wp\/v2\/pages\/11482","targetHints":{"allow":["GET"]}}],"collection":[{"href":"https:\/\/kumori.systems\/es\/wp-json\/wp\/v2\/pages"}],"about":[{"href":"https:\/\/kumori.systems\/es\/wp-json\/wp\/v2\/types\/page"}],"author":[{"embeddable":true,"href":"https:\/\/kumori.systems\/es\/wp-json\/wp\/v2\/users\/1"}],"replies":[{"embeddable":true,"href":"https:\/\/kumori.systems\/es\/wp-json\/wp\/v2\/comments?post=11482"}],"version-history":[{"count":2,"href":"https:\/\/kumori.systems\/es\/wp-json\/wp\/v2\/pages\/11482\/revisions"}],"predecessor-version":[{"id":11491,"href":"https:\/\/kumori.systems\/es\/wp-json\/wp\/v2\/pages\/11482\/revisions\/11491"}],"wp:attachment":[{"href":"https:\/\/kumori.systems\/es\/wp-json\/wp\/v2\/media?parent=11482"}],"curies":[{"name":"wp","href":"https:\/\/api.w.org\/{rel}","templated":true}]}}