{"id":11484,"date":"2023-09-19T14:38:23","date_gmt":"2023-09-19T12:38:23","guid":{"rendered":"https:\/\/kumori.systems\/?page_id=11484"},"modified":"2023-09-19T14:56:27","modified_gmt":"2023-09-19T12:56:27","slug":"ayudas-kumori","status":"publish","type":"page","link":"https:\/\/kumori.systems\/es\/ayudas-kumori\/","title":{"rendered":"Ayudas Kumori"},"content":{"rendered":"\t\t<div data-elementor-type=\"wp-page\" data-elementor-id=\"11484\" class=\"elementor elementor-11484\">\n\t\t\t\t\t\t<section class=\"elementor-section elementor-top-section elementor-element elementor-element-46b24e2 elementor-section-boxed elementor-section-height-default elementor-section-height-default\" data-id=\"46b24e2\" data-element_type=\"section\" data-e-type=\"section\">\n\t\t\t\t\t\t<div class=\"elementor-container elementor-column-gap-default\">\n\t\t\t\t\t<div class=\"elementor-column elementor-col-100 elementor-top-column elementor-element elementor-element-ff79b83\" data-id=\"ff79b83\" data-element_type=\"column\" data-e-type=\"column\">\n\t\t\t<div class=\"elementor-widget-wrap elementor-element-populated\">\n\t\t\t\t\t\t<div class=\"elementor-element elementor-element-8adf89f elementor-widget elementor-widget-heading\" data-id=\"8adf89f\" data-element_type=\"widget\" data-e-type=\"widget\" data-widget_type=\"heading.default\">\n\t\t\t\t<div class=\"elementor-widget-container\">\n\t\t\t\t\t<h1 class=\"elementor-heading-title elementor-size-default\">Entidades que han apoyado el proyecto<\/h1>\t\t\t\t<\/div>\n\t\t\t\t<\/div>\n\t\t\t\t<div class=\"elementor-element elementor-element-fa5474d elementor-widget elementor-widget-spacer\" data-id=\"fa5474d\" data-element_type=\"widget\" data-e-type=\"widget\" data-widget_type=\"spacer.default\">\n\t\t\t\t<div class=\"elementor-widget-container\">\n\t\t\t\t\t\t\t<div class=\"elementor-spacer\">\n\t\t\t<div class=\"elementor-spacer-inner\"><\/div>\n\t\t<\/div>\n\t\t\t\t\t\t<\/div>\n\t\t\t\t<\/div>\n\t\t\t\t<section class=\"elementor-section elementor-inner-section elementor-element elementor-element-89d684a elementor-section-boxed elementor-section-height-default elementor-section-height-default\" data-id=\"89d684a\" data-element_type=\"section\" data-e-type=\"section\">\n\t\t\t\t\t\t<div class=\"elementor-container elementor-column-gap-default\">\n\t\t\t\t\t<div class=\"elementor-column elementor-col-50 elementor-inner-column elementor-element elementor-element-0f1477f\" data-id=\"0f1477f\" data-element_type=\"column\" data-e-type=\"column\">\n\t\t\t<div class=\"elementor-widget-wrap elementor-element-populated\">\n\t\t\t\t\t\t<div class=\"elementor-element elementor-element-356a516 elementor-widget elementor-widget-heading\" data-id=\"356a516\" data-element_type=\"widget\" data-e-type=\"widget\" data-widget_type=\"heading.default\">\n\t\t\t\t<div class=\"elementor-widget-container\">\n\t\t\t\t\t<h2 class=\"elementor-heading-title elementor-size-default\">IVACE - PROGRAMA INNOVA-CV, actuacion INNOVATeiC-CV 2020<\/h2>\t\t\t\t<\/div>\n\t\t\t\t<\/div>\n\t\t\t\t<div class=\"elementor-element elementor-element-b84e7f0 elementor-widget elementor-widget-text-editor\" data-id=\"b84e7f0\" data-element_type=\"widget\" data-e-type=\"widget\" data-widget_type=\"text-editor.default\">\n\t\t\t\t<div class=\"elementor-widget-container\">\n\t\t\t\t\t\t\t\t\t<p>El proyecto ha contado con la ayuda de IVACE dentro del Programa \u201cPROYECTOS DE INNOVACI\u00d3N DE PYME (INNOVA-CV)\u201d, Actuaci\u00f3n \u201cINNOVACI\u00d3N DE PYME. INNOVACI\u00d3N EN TEICS (INNOVATeiC-CV) 2020\u201d con una ayuda en forma de subvenci\u00f3n de 44.694,00 \u20ac.<\/p><p>Esta actuaci\u00f3n est\u00e1 cofinanciada por la Uni\u00f3n Europea a trav\u00e9s del Programa Operativo FEDER de la Comunitat Valenciana 2014-2020.<\/p>\t\t\t\t\t\t\t\t<\/div>\n\t\t\t\t<\/div>\n\t\t\t\t<div class=\"elementor-element elementor-element-7208fb4 elementor-widget elementor-widget-hawat_core_button\" data-id=\"7208fb4\" data-element_type=\"widget\" data-e-type=\"widget\" data-widget_type=\"hawat_core_button.default\">\n\t\t\t\t<div class=\"elementor-widget-container\">\n\t\t\t\t\t<a class=\"qodef-shortcode qodef-m  qodef-button qodef-layout--textual  qodef-html--link\" href=\"https:\/\/kumori.systems\/es\/proyecto-ivace-20-20\/\" target=\"_self\"  style=\"font-size: 12px\">\n\t<span class=\"qodef-m-icon\"><svg class=\"qodef-svg--plus-11\" width=\"11.645\" height=\"11.645\" viewBox=\"0 0 11.645 11.645\"><path d=\"M11.645 5.823H0\" \/><path d=\"M5.823 0v11.645\" \/><\/svg><\/span>\n\t<span class=\"qodef-m-text\">Ver informaci\u00f3n del proyecto y de la subvenci\u00f3n obtenida<\/span>\n<\/a>\n\t\t\t\t<\/div>\n\t\t\t\t<\/div>\n\t\t\t\t\t<\/div>\n\t\t<\/div>\n\t\t\t\t<div class=\"elementor-column elementor-col-50 elementor-inner-column elementor-element elementor-element-1d0767e\" data-id=\"1d0767e\" data-element_type=\"column\" data-e-type=\"column\">\n\t\t\t<div class=\"elementor-widget-wrap elementor-element-populated\">\n\t\t\t\t\t\t<div class=\"elementor-element elementor-element-79d2fe4 elementor-widget elementor-widget-heading\" data-id=\"79d2fe4\" data-element_type=\"widget\" data-e-type=\"widget\" data-widget_type=\"heading.default\">\n\t\t\t\t<div class=\"elementor-widget-container\">\n\t\t\t\t\t<h2 class=\"elementor-heading-title elementor-size-default\">IMIDTA\/2022\/17 \u2013 FEDERKUM - Investigaci\u00f3n de nuevos m\u00e9todos de federaci\u00f3n de cl\u00fasteres<\/h2>\t\t\t\t<\/div>\n\t\t\t\t<\/div>\n\t\t\t\t<div class=\"elementor-element elementor-element-b628c5a elementor-widget elementor-widget-text-editor\" data-id=\"b628c5a\" data-element_type=\"widget\" data-e-type=\"widget\" data-widget_type=\"text-editor.default\">\n\t\t\t\t<div class=\"elementor-widget-container\">\n\t\t\t\t\t\t\t\t\t<p>El proyecto ha contado con la ayuda de IVACE dentro del PROGRAMA PROYECTOS DE I+D DE PYME (PIDI-CV). Actuaci\u00f3n I+D PYME (PIDI-CV) 2022 con una ayuda en forma de subvenci\u00f3n de 30.847,50\u20ac.<\/p><p>Esta subvenci\u00f3n cuenta con financiaci\u00f3n del Fondo Europeo de Desarrollo Regional (FEDER) en un porcentaje del 60% a trav\u00e9s del Programa Operativo FEDER de la Comunitat Valenciana 2014-2020.<\/p>\t\t\t\t\t\t\t\t<\/div>\n\t\t\t\t<\/div>\n\t\t\t\t<div class=\"elementor-element elementor-element-38b1633 elementor-widget elementor-widget-hawat_core_button\" data-id=\"38b1633\" data-element_type=\"widget\" data-e-type=\"widget\" data-widget_type=\"hawat_core_button.default\">\n\t\t\t\t<div class=\"elementor-widget-container\">\n\t\t\t\t\t<a class=\"qodef-shortcode qodef-m  qodef-button qodef-layout--textual  qodef-html--link\" href=\"https:\/\/kumori.systems\/es\/federkum-2022\/\" target=\"_self\"  style=\"font-size: 12px\">\n\t<span class=\"qodef-m-icon\"><svg class=\"qodef-svg--plus-11\" width=\"11.645\" height=\"11.645\" viewBox=\"0 0 11.645 11.645\"><path d=\"M11.645 5.823H0\" \/><path d=\"M5.823 0v11.645\" \/><\/svg><\/span>\n\t<span class=\"qodef-m-text\">Ver informaci\u00f3n del proyecto y de la subvenci\u00f3n obtenida<\/span>\n<\/a>\n\t\t\t\t<\/div>\n\t\t\t\t<\/div>\n\t\t\t\t\t<\/div>\n\t\t<\/div>\n\t\t\t\t\t<\/div>\n\t\t<\/section>\n\t\t\t\t\t<\/div>\n\t\t<\/div>\n\t\t\t\t\t<\/div>\n\t\t<\/section>\n\t\t\t\t<\/div>\n\t\t","protected":false},"excerpt":{"rendered":"<p>Entidades que han apoyado el proyecto IVACE &#8211; PROGRAMA INNOVA-CV, actuacion INNOVATeiC-CV 2020 El proyecto ha contado con la ayuda de IVACE dentro del Programa \u201cPROYECTOS DE INNOVACI\u00d3N DE PYME (INNOVA-CV)\u201d, Actuaci\u00f3n \u201cINNOVACI\u00d3N DE PYME. INNOVACI\u00d3N EN TEICS (INNOVATeiC-CV) 2020\u201d con una ayuda en forma de subvenci\u00f3n de 44.694,00 \u20ac. Esta actuaci\u00f3n est\u00e1 cofinanciada por [&hellip;]<\/p>\n","protected":false},"author":1,"featured_media":0,"parent":0,"menu_order":0,"comment_status":"closed","ping_status":"closed","template":"","meta":{"footnotes":""},"class_list":["post-11484","page","type-page","status-publish","hentry"],"yoast_head":"<!-- This site is optimized with the Yoast SEO plugin v27.2 - https:\/\/yoast.com\/product\/yoast-seo-wordpress\/ -->\n<title>Ayudas Kumori - Kumori<\/title>\n<meta name=\"robots\" content=\"index, follow, max-snippet:-1, max-image-preview:large, max-video-preview:-1\" \/>\n<link rel=\"canonical\" href=\"https:\/\/kumori.systems\/es\/ayudas-kumori\/\" \/>\n<meta property=\"og:locale\" content=\"es_ES\" \/>\n<meta property=\"og:type\" content=\"article\" \/>\n<meta property=\"og:title\" content=\"Ayudas Kumori - Kumori\" \/>\n<meta property=\"og:description\" content=\"Entidades que han apoyado el proyecto IVACE &#8211; PROGRAMA INNOVA-CV, actuacion INNOVATeiC-CV 2020 El proyecto ha contado con la ayuda de IVACE dentro del Programa \u201cPROYECTOS DE INNOVACI\u00d3N DE PYME (INNOVA-CV)\u201d, Actuaci\u00f3n \u201cINNOVACI\u00d3N DE PYME. INNOVACI\u00d3N EN TEICS (INNOVATeiC-CV) 2020\u201d con una ayuda en forma de subvenci\u00f3n de 44.694,00 \u20ac. Esta actuaci\u00f3n est\u00e1 cofinanciada por [&hellip;]\" \/>\n<meta property=\"og:url\" content=\"https:\/\/kumori.systems\/es\/ayudas-kumori\/\" \/>\n<meta property=\"og:site_name\" content=\"Kumori\" \/>\n<meta property=\"article:modified_time\" content=\"2023-09-19T12:56:27+00:00\" \/>\n<meta name=\"twitter:card\" content=\"summary_large_image\" \/>\n<meta name=\"twitter:label1\" content=\"Tiempo de lectura\" \/>\n\t<meta name=\"twitter:data1\" content=\"1 minuto\" \/>\n<script type=\"application\/ld+json\" class=\"yoast-schema-graph\">{\"@context\":\"https:\/\/schema.org\",\"@graph\":[{\"@type\":\"WebPage\",\"@id\":\"https:\/\/kumori.systems\/es\/ayudas-kumori\/\",\"url\":\"https:\/\/kumori.systems\/es\/ayudas-kumori\/\",\"name\":\"Ayudas Kumori - Kumori\",\"isPartOf\":{\"@id\":\"http:\/\/kumori.systems\/es\/#website\"},\"datePublished\":\"2023-09-19T12:38:23+00:00\",\"dateModified\":\"2023-09-19T12:56:27+00:00\",\"breadcrumb\":{\"@id\":\"https:\/\/kumori.systems\/es\/ayudas-kumori\/#breadcrumb\"},\"inLanguage\":\"es\",\"potentialAction\":[{\"@type\":\"ReadAction\",\"target\":[\"https:\/\/kumori.systems\/es\/ayudas-kumori\/\"]}]},{\"@type\":\"BreadcrumbList\",\"@id\":\"https:\/\/kumori.systems\/es\/ayudas-kumori\/#breadcrumb\",\"itemListElement\":[{\"@type\":\"ListItem\",\"position\":1,\"name\":\"Portada\",\"item\":\"https:\/\/kumori.systems\/es\/\"},{\"@type\":\"ListItem\",\"position\":2,\"name\":\"Ayudas Kumori\"}]},{\"@type\":\"WebSite\",\"@id\":\"http:\/\/kumori.systems\/es\/#website\",\"url\":\"http:\/\/kumori.systems\/es\/\",\"name\":\"Kumori\",\"description\":\"Llevamos tu software a la nube\",\"publisher\":{\"@id\":\"http:\/\/kumori.systems\/es\/#organization\"},\"potentialAction\":[{\"@type\":\"SearchAction\",\"target\":{\"@type\":\"EntryPoint\",\"urlTemplate\":\"http:\/\/kumori.systems\/es\/?s={search_term_string}\"},\"query-input\":{\"@type\":\"PropertyValueSpecification\",\"valueRequired\":true,\"valueName\":\"search_term_string\"}}],\"inLanguage\":\"es\"},{\"@type\":\"Organization\",\"@id\":\"http:\/\/kumori.systems\/es\/#organization\",\"name\":\"Kumori\",\"url\":\"http:\/\/kumori.systems\/es\/\",\"logo\":{\"@type\":\"ImageObject\",\"inLanguage\":\"es\",\"@id\":\"http:\/\/kumori.systems\/es\/#\/schema\/logo\/image\/\",\"url\":\"https:\/\/kumori.systems\/wp-content\/uploads\/2023\/07\/cropped-logo-kumori-blanco.png\",\"contentUrl\":\"https:\/\/kumori.systems\/wp-content\/uploads\/2023\/07\/cropped-logo-kumori-blanco.png\",\"width\":229,\"height\":69,\"caption\":\"Kumori\"},\"image\":{\"@id\":\"http:\/\/kumori.systems\/es\/#\/schema\/logo\/image\/\"}}]}<\/script>\n<!-- \/ Yoast SEO plugin. -->","yoast_head_json":{"title":"Ayudas Kumori - Kumori","robots":{"index":"index","follow":"follow","max-snippet":"max-snippet:-1","max-image-preview":"max-image-preview:large","max-video-preview":"max-video-preview:-1"},"canonical":"https:\/\/kumori.systems\/es\/ayudas-kumori\/","og_locale":"es_ES","og_type":"article","og_title":"Ayudas Kumori - Kumori","og_description":"Entidades que han apoyado el proyecto IVACE &#8211; PROGRAMA INNOVA-CV, actuacion INNOVATeiC-CV 2020 El proyecto ha contado con la ayuda de IVACE dentro del Programa \u201cPROYECTOS DE INNOVACI\u00d3N DE PYME (INNOVA-CV)\u201d, Actuaci\u00f3n \u201cINNOVACI\u00d3N DE PYME. INNOVACI\u00d3N EN TEICS (INNOVATeiC-CV) 2020\u201d con una ayuda en forma de subvenci\u00f3n de 44.694,00 \u20ac. Esta actuaci\u00f3n est\u00e1 cofinanciada por [&hellip;]","og_url":"https:\/\/kumori.systems\/es\/ayudas-kumori\/","og_site_name":"Kumori","article_modified_time":"2023-09-19T12:56:27+00:00","twitter_card":"summary_large_image","twitter_misc":{"Tiempo de lectura":"1 minuto"},"schema":{"@context":"https:\/\/schema.org","@graph":[{"@type":"WebPage","@id":"https:\/\/kumori.systems\/es\/ayudas-kumori\/","url":"https:\/\/kumori.systems\/es\/ayudas-kumori\/","name":"Ayudas Kumori - Kumori","isPartOf":{"@id":"http:\/\/kumori.systems\/es\/#website"},"datePublished":"2023-09-19T12:38:23+00:00","dateModified":"2023-09-19T12:56:27+00:00","breadcrumb":{"@id":"https:\/\/kumori.systems\/es\/ayudas-kumori\/#breadcrumb"},"inLanguage":"es","potentialAction":[{"@type":"ReadAction","target":["https:\/\/kumori.systems\/es\/ayudas-kumori\/"]}]},{"@type":"BreadcrumbList","@id":"https:\/\/kumori.systems\/es\/ayudas-kumori\/#breadcrumb","itemListElement":[{"@type":"ListItem","position":1,"name":"Portada","item":"https:\/\/kumori.systems\/es\/"},{"@type":"ListItem","position":2,"name":"Ayudas Kumori"}]},{"@type":"WebSite","@id":"http:\/\/kumori.systems\/es\/#website","url":"http:\/\/kumori.systems\/es\/","name":"Kumori","description":"Llevamos tu software a la nube","publisher":{"@id":"http:\/\/kumori.systems\/es\/#organization"},"potentialAction":[{"@type":"SearchAction","target":{"@type":"EntryPoint","urlTemplate":"http:\/\/kumori.systems\/es\/?s={search_term_string}"},"query-input":{"@type":"PropertyValueSpecification","valueRequired":true,"valueName":"search_term_string"}}],"inLanguage":"es"},{"@type":"Organization","@id":"http:\/\/kumori.systems\/es\/#organization","name":"Kumori","url":"http:\/\/kumori.systems\/es\/","logo":{"@type":"ImageObject","inLanguage":"es","@id":"http:\/\/kumori.systems\/es\/#\/schema\/logo\/image\/","url":"https:\/\/kumori.systems\/wp-content\/uploads\/2023\/07\/cropped-logo-kumori-blanco.png","contentUrl":"https:\/\/kumori.systems\/wp-content\/uploads\/2023\/07\/cropped-logo-kumori-blanco.png","width":229,"height":69,"caption":"Kumori"},"image":{"@id":"http:\/\/kumori.systems\/es\/#\/schema\/logo\/image\/"}}]}},"_links":{"self":[{"href":"https:\/\/kumori.systems\/es\/wp-json\/wp\/v2\/pages\/11484","targetHints":{"allow":["GET"]}}],"collection":[{"href":"https:\/\/kumori.systems\/es\/wp-json\/wp\/v2\/pages"}],"about":[{"href":"https:\/\/kumori.systems\/es\/wp-json\/wp\/v2\/types\/page"}],"author":[{"embeddable":true,"href":"https:\/\/kumori.systems\/es\/wp-json\/wp\/v2\/users\/1"}],"replies":[{"embeddable":true,"href":"https:\/\/kumori.systems\/es\/wp-json\/wp\/v2\/comments?post=11484"}],"version-history":[{"count":14,"href":"https:\/\/kumori.systems\/es\/wp-json\/wp\/v2\/pages\/11484\/revisions"}],"predecessor-version":[{"id":11503,"href":"https:\/\/kumori.systems\/es\/wp-json\/wp\/v2\/pages\/11484\/revisions\/11503"}],"wp:attachment":[{"href":"https:\/\/kumori.systems\/es\/wp-json\/wp\/v2\/media?parent=11484"}],"curies":[{"name":"wp","href":"https:\/\/api.w.org\/{rel}","templated":true}]}}